{"id":2432,"date":"2025-07-04T15:02:35","date_gmt":"2025-07-04T13:02:35","guid":{"rendered":"https:\/\/wegg.agency\/?page_id=2432"},"modified":"2025-07-04T15:02:35","modified_gmt":"2025-07-04T13:02:35","slug":"declaracion-de-accesibilidad-2","status":"publish","type":"page","link":"https:\/\/wegg.agency\/es\/dichiarazione-di-accesibilita\/","title":{"rendered":"Declaraci\u00f3n de accesibilidad"},"content":{"rendered":"<h2 data-start=\"203\" data-end=\"236\">Declaraci\u00f3n de accesibilidad<\/h2>\n<h3 data-start=\"238\" data-end=\"263\">Informaci\u00f3n general<\/h3>\n<ul data-start=\"264\" data-end=\"560\">\n<li data-start=\"264\" data-end=\"314\">\n<p data-start=\"266\" data-end=\"314\"><strong data-start=\"266\" data-end=\"294\">Nombre de la organizaci\u00f3n<\/strong>: Agencia Wegg S.r.l.<\/p>\n<\/li>\n<li data-start=\"315\" data-end=\"373\">\n<p data-start=\"317\" data-end=\"373\"><strong data-start=\"317\" data-end=\"329\">P\u00e1gina web<\/strong>: <a class=\"\" href=\"https:\/\/wegg.agency\/es\/\" target=\"_new\" rel=\"noopener\" data-start=\"331\" data-end=\"373\">https:\/\/wegg.agency<\/a><\/p>\n<\/li>\n<li data-start=\"374\" data-end=\"436\">\n<p data-start=\"376\" data-end=\"436\"><strong data-start=\"376\" data-end=\"421\">Fecha de publicaci\u00f3n de la declaraci\u00f3n<\/strong>4 de julio de 2025<\/p>\n<\/li>\n<li data-start=\"437\" data-end=\"483\">\n<p data-start=\"439\" data-end=\"483\"><strong data-start=\"439\" data-end=\"468\">Fecha de la \u00faltima actualizaci\u00f3n<\/strong>4 de julio de 2025<\/p>\n<\/li>\n<li data-start=\"484\" data-end=\"560\">\n<p data-start=\"486\" data-end=\"560\"><strong data-start=\"486\" data-end=\"509\">Persona de contacto<\/strong>: Oficina de Comunicaci\u00f3n - info@weggagency.com<\/p>\n<\/li>\n<\/ul>\n<hr data-start=\"562\" data-end=\"565\" \/>\n<h3 data-start=\"567\" data-end=\"614\">Cumplimiento del Acta Europea de Accesibilidad<\/h3>\n<p data-start=\"616\" data-end=\"756\">Esta declaraci\u00f3n se realiza de conformidad con la Ley Europea de Accesibilidad (Directiva UE 2019\/882) y la normativa nacional aplicable.<\/p>\n<p data-start=\"758\" data-end=\"1060\"><strong data-start=\"758\" data-end=\"781\">Estado de cumplimiento<\/strong>:<br data-start=\"782\" data-end=\"785\" \/>El sitio es <strong data-start=\"795\" data-end=\"820\">cumple parcialmente<\/strong> los requisitos de las Pautas de Accesibilidad al Contenido en la Web (WCAG) 2.1 nivel AA.<br data-start=\"899\" data-end=\"902\" \/>La auditor\u00eda del 4 de julio de 2025 detect\u00f3 15 problemas en 15 p\u00e1ginas analizadas, con una puntuaci\u00f3n media de conformidad de 84%.<\/p>\n<hr data-start=\"1062\" data-end=\"1065\" \/>\n<h3 data-start=\"1067\" data-end=\"1096\">Contenidos no accesibles<\/h3>\n<p data-start=\"1098\" data-end=\"1131\"><strong data-start=\"1098\" data-end=\"1131\">Incumplimiento de la Directiva<\/strong><\/p>\n<ol data-start=\"1133\" data-end=\"1949\">\n<li data-start=\"1133\" data-end=\"1342\">\n<p data-start=\"1136\" data-end=\"1178\"><strong data-start=\"1136\" data-end=\"1178\">Compatibilidad con tecnolog\u00edas de asistencia<\/strong><\/p>\n<ul data-start=\"1182\" data-end=\"1342\">\n<li data-start=\"1182\" data-end=\"1342\">\n<p data-start=\"1184\" data-end=\"1342\">Atributos AIR no v\u00e1lidos<\/p>\n<\/li>\n<\/ul>\n<\/li>\n<li data-start=\"1344\" data-end=\"1573\">\n<p data-start=\"1347\" data-end=\"1374\"><strong data-start=\"1347\" data-end=\"1374\">Navegaci\u00f3n y estructura<\/strong><\/p>\n<ul data-start=\"1378\" data-end=\"1573\">\n<li data-start=\"1378\" data-end=\"1573\">\n<p data-start=\"1380\" data-end=\"1573\">Enlaces no discernibles en el texto<\/p>\n<\/li>\n<\/ul>\n<\/li>\n<li data-start=\"1575\" data-end=\"1776\">\n<p data-start=\"1578\" data-end=\"1605\"><strong data-start=\"1578\" data-end=\"1605\">Contraste y legibilidad<\/strong><\/p>\n<ul data-start=\"1609\" data-end=\"1776\">\n<li data-start=\"1609\" data-end=\"1776\">\n<p data-start=\"1611\" data-end=\"1776\">Contraste de color insuficiente<\/p>\n<\/li>\n<\/ul>\n<\/li>\n<li data-start=\"1778\" data-end=\"1949\">\n<p data-start=\"1781\" data-end=\"1809\"><strong data-start=\"1781\" data-end=\"1809\">Utilizaci\u00f3n de elementos obsoletos<\/strong><\/p>\n<ul data-start=\"1813\" data-end=\"1949\">\n<li data-start=\"1813\" data-end=\"1949\">\n<p data-start=\"1815\" data-end=\"1949\">Etiquetas HTML <code data-start=\"1824\" data-end=\"1835\">&lt;marquee&gt;<\/code> identificado<\/p>\n<\/li>\n<\/ul>\n<\/li>\n<\/ol>\n<hr data-start=\"1951\" data-end=\"1954\" \/>\n<h3 data-start=\"1956\" data-end=\"1980\">Carga desproporcionada<\/h3>\n<p data-start=\"1981\" data-end=\"2042\">No se excluye ning\u00fan contenido por carga desproporcionada.<\/p>\n<hr data-start=\"2044\" data-end=\"2047\" \/>\n<h3 data-start=\"2049\" data-end=\"2098\">Contenidos excluidos del \u00e1mbito de aplicaci\u00f3n del Reglamento<\/h3>\n<p data-start=\"2099\" data-end=\"2172\">No hay ning\u00fan contenido excluido en el sentido del art\u00edculo 5 de la Directiva.<\/p>\n<hr data-start=\"2174\" data-end=\"2177\" \/>\n<h3 data-start=\"2179\" data-end=\"2205\">Plan de mejora<\/h3>\n<p data-start=\"2207\" data-end=\"2264\"><strong data-start=\"2207\" data-end=\"2264\">Fase 1 - Intervenciones prioritarias (para septiembre de 2025)<\/strong><\/p>\n<ul data-start=\"2265\" data-end=\"2344\">\n<li data-start=\"2265\" data-end=\"2304\">\n<p data-start=\"2267\" data-end=\"2304\">Eliminaci\u00f3n de atributos AIR no conformes<\/p>\n<\/li>\n<li data-start=\"2305\" data-end=\"2344\">\n<p data-start=\"2307\" data-end=\"2344\">Adaptaci\u00f3n visual de los enlaces en el texto<\/p>\n<\/li>\n<\/ul>\n<p data-start=\"2346\" data-end=\"2401\"><strong data-start=\"2346\" data-end=\"2401\">Fase 2 - Correcciones intermedias (para octubre de 2025)<\/strong><\/p>\n<ul data-start=\"2402\" data-end=\"2502\">\n<li data-start=\"2402\" data-end=\"2447\">\n<p data-start=\"2404\" data-end=\"2447\">Correcci\u00f3n de los problemas de contraste crom\u00e1tico<\/p>\n<\/li>\n<li data-start=\"2448\" data-end=\"2502\">\n<p data-start=\"2450\" data-end=\"2502\">Eliminaci\u00f3n de elementos HTML obsoletos (por ejemplo, la marquesina)<\/p>\n<\/li>\n<\/ul>\n<p data-start=\"2504\" data-end=\"2558\"><strong data-start=\"2504\" data-end=\"2558\">Fase 3 - Pleno cumplimiento (para noviembre de 2025)<\/strong><\/p>\n<ul data-start=\"2559\" data-end=\"2709\">\n<li data-start=\"2559\" data-end=\"2592\">\n<p data-start=\"2561\" data-end=\"2592\">Validaci\u00f3n WCAG 2.1 nivel AA<\/p>\n<\/li>\n<li data-start=\"2593\" data-end=\"2643\">\n<p data-start=\"2595\" data-end=\"2643\">Verificaci\u00f3n manual y pruebas con tecnolog\u00edas de asistencia<\/p>\n<\/li>\n<li data-start=\"2644\" data-end=\"2709\">\n<p data-start=\"2646\" data-end=\"2709\">Integraci\u00f3n de un sistema de control peri\u00f3dico de la accesibilidad<\/p>\n<\/li>\n<\/ul>\n<hr data-start=\"2711\" data-end=\"2714\" \/>\n<h3 data-start=\"2716\" data-end=\"2739\">Comentarios y contacto<\/h3>\n<p data-start=\"2741\" data-end=\"2862\">Para informar sobre barreras de accesibilidad o solicitar contenidos alternativos, p\u00f3ngase en contacto con nosotros en las siguientes direcciones:<\/p>\n<ul data-start=\"2864\" data-end=\"3137\">\n<li data-start=\"2864\" data-end=\"2904\">\n<p data-start=\"2866\" data-end=\"2904\"><strong data-start=\"2866\" data-end=\"2875\">Correo electr\u00f3nico<\/strong>: info@weggagency.com<\/p>\n<\/li>\n<li data-start=\"2905\" data-end=\"2938\">\n<p data-start=\"2907\" data-end=\"2938\"><strong data-start=\"2907\" data-end=\"2919\">Tel\u00e9fono<\/strong>: +39 <a title=\"05119901421\" href=\"tel:+3905119901421\" aria-label=\"051 19901421\"><span class=\"elementor-icon-list-text\">051 19901421<\/span><\/a><\/p>\n<\/li>\n<li data-start=\"2939\" data-end=\"3000\">\n<p data-start=\"2941\" data-end=\"3000\"><strong data-start=\"2941\" data-end=\"2962\">Direcci\u00f3n postal<\/strong>:<a title=\"Agencia Wegg Bolonia\" href=\"https:\/\/maps.app.goo.gl\/CnGz33Rbs4WHFhY39\" target=\"_blank\" rel=\"nofollow noopener\" aria-label=\"Agencia Wegg Bolonia\"><span class=\"elementor-icon-list-text\"> Via A. Fioravanti 27 - 40129 (BO) - Italia<\/span><\/a><\/p>\n<\/li>\n<li data-start=\"3001\" data-end=\"3086\">\n<p data-start=\"3003\" data-end=\"3086\"><strong data-start=\"3003\" data-end=\"3022\">Formulario de contacto<\/strong>: <a class=\"\" href=\"https:\/\/wegg.agency\/es\/contactos\/\" target=\"_new\" rel=\"noopener\" data-start=\"3024\" data-end=\"3084\">https:\/\/wegg.agency\/contatti<\/a><\/p>\n<\/li>\n<li data-start=\"3087\" data-end=\"3137\">\n<p data-start=\"3089\" data-end=\"3137\"><strong data-start=\"3089\" data-end=\"3110\">Tiempo de respuesta<\/strong>en un plazo de 7 d\u00edas laborables<\/p>\n<\/li>\n<\/ul>\n<hr data-start=\"3139\" data-end=\"3142\" \/>\n<h3 data-start=\"3144\" data-end=\"3171\">Alternativas accesibles<\/h3>\n<p data-start=\"3173\" data-end=\"3220\">En el caso de contenidos no accesibles, ofrecemos:<\/p>\n<ul data-start=\"3221\" data-end=\"3348\">\n<li data-start=\"3221\" data-end=\"3262\">\n<p data-start=\"3223\" data-end=\"3262\">Versiones alternativas en PDF accesible<\/p>\n<\/li>\n<li data-start=\"3263\" data-end=\"3312\">\n<p data-start=\"3265\" data-end=\"3312\">Asistencia directa por tel\u00e9fono o videollamada<\/p>\n<\/li>\n<li data-start=\"3313\" data-end=\"3348\">\n<p data-start=\"3315\" data-end=\"3348\">Asistencia personalizada por correo electr\u00f3nico<\/p>\n<\/li>\n<\/ul>\n<hr data-start=\"3350\" data-end=\"3353\" \/>\n<h3 data-start=\"3355\" data-end=\"3379\">Procedimiento de recurso<\/h3>\n<p data-start=\"3381\" data-end=\"3449\">Si no est\u00e1 satisfecho con nuestra respuesta, p\u00f3ngase en contacto con<\/p>\n<ul data-start=\"3451\" data-end=\"3657\">\n<li data-start=\"3451\" data-end=\"3516\">\n<p data-start=\"3453\" data-end=\"3516\"><strong data-start=\"3453\" data-end=\"3476\">Autoridad competente<\/strong>Agencia Digital Italiana (AgID)<\/p>\n<\/li>\n<li data-start=\"3517\" data-end=\"3585\">\n<p data-start=\"3519\" data-end=\"3585\"><strong data-start=\"3519\" data-end=\"3531\">P\u00e1gina web<\/strong>: <a class=\"\" href=\"https:\/\/www.agid.gov.it\" target=\"_new\" rel=\"noopener\" data-start=\"3533\" data-end=\"3583\">https:\/\/www.agid.gov.it<\/a><\/p>\n<\/li>\n<li data-start=\"3586\" data-end=\"3626\">\n<p data-start=\"3588\" data-end=\"3626\"><strong data-start=\"3588\" data-end=\"3597\">Correo electr\u00f3nico<\/strong>: <a class=\"cursor-pointer\" rel=\"noopener\" data-start=\"3599\" data-end=\"3624\">accessibilita@agid.gov.it<\/a><\/p>\n<\/li>\n<li data-start=\"3627\" data-end=\"3657\">\n<p data-start=\"3629\" data-end=\"3657\"><strong data-start=\"3629\" data-end=\"3641\">Tel\u00e9fono<\/strong>: +39 06 85264 1<\/p>\n<\/li>\n<\/ul>\n<hr data-start=\"3659\" data-end=\"3662\" \/>\n<h3 data-start=\"3664\" data-end=\"3689\">Informaci\u00f3n t\u00e9cnica<\/h3>\n<ul data-start=\"3691\" data-end=\"3927\">\n<li data-start=\"3691\" data-end=\"3743\">\n<p data-start=\"3693\" data-end=\"3743\"><strong data-start=\"3693\" data-end=\"3720\">Norma de referencia<\/strong>WCAG 2.1 nivel AA<\/p>\n<\/li>\n<li data-start=\"3744\" data-end=\"3825\">\n<p data-start=\"3746\" data-end=\"3825\"><strong data-start=\"3746\" data-end=\"3771\">M\u00e9todos de evaluaci\u00f3n<\/strong>Auditor\u00eda autom\u00e1tica con validaci\u00f3n manual selectiva<\/p>\n<\/li>\n<li data-start=\"3826\" data-end=\"3882\">\n<p data-start=\"3828\" data-end=\"3882\"><strong data-start=\"3828\" data-end=\"3852\">Herramientas utilizadas<\/strong>: Herramienta de auditor\u00eda A11Y de WeggAgency<\/p>\n<\/li>\n<li data-start=\"3883\" data-end=\"3927\">\n<p data-start=\"3885\" data-end=\"3927\"><strong data-start=\"3885\" data-end=\"3912\">\u00daltima fecha de evaluaci\u00f3n<\/strong>4 de julio de 2025<\/p>\n<\/li>\n<\/ul>\n<hr data-start=\"3929\" data-end=\"3932\" \/>\n<p data-start=\"3934\" data-end=\"4035\"><strong data-start=\"3934\" data-end=\"3976\">Declaraci\u00f3n realizada el 4 de julio de 2025<\/strong>sobre la base de una evaluaci\u00f3n realizada en la misma fecha.<\/p>","protected":false},"excerpt":{"rendered":"<p>Dichiarazione di Accessibilit\u00e0 Informazioni generali Nome dell&#8217;organizzazione: Wegg Agency S.r.l. Sito web: https:\/\/wegg.agency Data di pubblicazione della dichiarazione: 4 luglio 2025 Data ultimo aggiornamento: 4 luglio 2025 Persona di contatto: Ufficio Comunicazione \u2013 info@weggagency.com Conformit\u00e0 con l&#8217;European Accessibility Act La presente dichiarazione \u00e8 redatta in conformit\u00e0 all\u2019European Accessibility Act (Direttiva UE 2019\/882) e alle normative [&hellip;]<\/p>\n","protected":false},"author":1,"featured_media":0,"parent":0,"menu_order":0,"comment_status":"closed","ping_status":"closed","template":"","meta":{"_acf_changed":false,"footnotes":""},"class_list":["post-2432","page","type-page","status-publish","hentry"],"acf":[],"_links":{"self":[{"href":"https:\/\/wegg.agency\/es\/wp-json\/wp\/v2\/pages\/2432","targetHints":{"allow":["GET"]}}],"collection":[{"href":"https:\/\/wegg.agency\/es\/wp-json\/wp\/v2\/pages"}],"about":[{"href":"https:\/\/wegg.agency\/es\/wp-json\/wp\/v2\/types\/page"}],"author":[{"embeddable":true,"href":"https:\/\/wegg.agency\/es\/wp-json\/wp\/v2\/users\/1"}],"replies":[{"embeddable":true,"href":"https:\/\/wegg.agency\/es\/wp-json\/wp\/v2\/comments?post=2432"}],"version-history":[{"count":0,"href":"https:\/\/wegg.agency\/es\/wp-json\/wp\/v2\/pages\/2432\/revisions"}],"wp:attachment":[{"href":"https:\/\/wegg.agency\/es\/wp-json\/wp\/v2\/media?parent=2432"}],"curies":[{"name":"wp","href":"https:\/\/api.w.org\/{rel}","templated":true}]}}