{"id":2432,"date":"2025-07-04T15:02:35","date_gmt":"2025-07-04T13:02:35","guid":{"rendered":"https:\/\/wegg.agency\/?page_id=2432"},"modified":"2025-07-04T15:02:35","modified_gmt":"2025-07-04T13:02:35","slug":"declaration-of-accessibility-2","status":"publish","type":"page","link":"https:\/\/wegg.agency\/en\/dichiarazione-di-accesibilita\/","title":{"rendered":"Declaration of Accesibility"},"content":{"rendered":"<h2 data-start=\"203\" data-end=\"236\">Declaration of Accessibility<\/h2>\n<h3 data-start=\"238\" data-end=\"263\">General Information<\/h3>\n<ul data-start=\"264\" data-end=\"560\">\n<li data-start=\"264\" data-end=\"314\">\n<p data-start=\"266\" data-end=\"314\"><strong data-start=\"266\" data-end=\"294\">Name of organisation<\/strong>: Wegg Agency S.r.l.<\/p>\n<\/li>\n<li data-start=\"315\" data-end=\"373\">\n<p data-start=\"317\" data-end=\"373\"><strong data-start=\"317\" data-end=\"329\">Website:<\/strong>: <a class=\"\" href=\"https:\/\/wegg.agency\/en\/\" target=\"_new\" rel=\"noopener\" data-start=\"331\" data-end=\"373\">https:\/\/wegg.agency<\/a><\/p>\n<\/li>\n<li data-start=\"374\" data-end=\"436\">\n<p data-start=\"376\" data-end=\"436\"><strong data-start=\"376\" data-end=\"421\">Date of publication of the declaration<\/strong>4 July 2025<\/p>\n<\/li>\n<li data-start=\"437\" data-end=\"483\">\n<p data-start=\"439\" data-end=\"483\"><strong data-start=\"439\" data-end=\"468\">Date of last update<\/strong>4 July 2025<\/p>\n<\/li>\n<li data-start=\"484\" data-end=\"560\">\n<p data-start=\"486\" data-end=\"560\"><strong data-start=\"486\" data-end=\"509\">Contact person<\/strong>: Communication Office - info@weggagency.com<\/p>\n<\/li>\n<\/ul>\n<hr data-start=\"562\" data-end=\"565\" \/>\n<h3 data-start=\"567\" data-end=\"614\">Compliance with the European Accessibility Act<\/h3>\n<p data-start=\"616\" data-end=\"756\">This declaration is made in accordance with the European Accessibility Act (EU Directive 2019\/882) and applicable national regulations.<\/p>\n<p data-start=\"758\" data-end=\"1060\"><strong data-start=\"758\" data-end=\"781\">Compliance Status<\/strong>:<br data-start=\"782\" data-end=\"785\" \/>The site is <strong data-start=\"795\" data-end=\"820\">partially compliant<\/strong> the requirements of the Web Content Accessibility Guidelines (WCAG) 2.1 level AA.<br data-start=\"899\" data-end=\"902\" \/>The audit of 4 July 2025 found 15 problems on 15 pages analysed, with an average compliance score of 84%.<\/p>\n<hr data-start=\"1062\" data-end=\"1065\" \/>\n<h3 data-start=\"1067\" data-end=\"1096\">Non-accessible content<\/h3>\n<p data-start=\"1098\" data-end=\"1131\"><strong data-start=\"1098\" data-end=\"1131\">Non-compliance with the Directive<\/strong><\/p>\n<ol data-start=\"1133\" data-end=\"1949\">\n<li data-start=\"1133\" data-end=\"1342\">\n<p data-start=\"1136\" data-end=\"1178\"><strong data-start=\"1136\" data-end=\"1178\">Compatibility with assistive technologies<\/strong><\/p>\n<ul data-start=\"1182\" data-end=\"1342\">\n<li data-start=\"1182\" data-end=\"1342\">\n<p data-start=\"1184\" data-end=\"1342\">Invalid AIR attributes<\/p>\n<\/li>\n<\/ul>\n<\/li>\n<li data-start=\"1344\" data-end=\"1573\">\n<p data-start=\"1347\" data-end=\"1374\"><strong data-start=\"1347\" data-end=\"1374\">Navigation and structure<\/strong><\/p>\n<ul data-start=\"1378\" data-end=\"1573\">\n<li data-start=\"1378\" data-end=\"1573\">\n<p data-start=\"1380\" data-end=\"1573\">Links not discernible in the text<\/p>\n<\/li>\n<\/ul>\n<\/li>\n<li data-start=\"1575\" data-end=\"1776\">\n<p data-start=\"1578\" data-end=\"1605\"><strong data-start=\"1578\" data-end=\"1605\">Contrast and readability<\/strong><\/p>\n<ul data-start=\"1609\" data-end=\"1776\">\n<li data-start=\"1609\" data-end=\"1776\">\n<p data-start=\"1611\" data-end=\"1776\">Insufficient colour contrast<\/p>\n<\/li>\n<\/ul>\n<\/li>\n<li data-start=\"1778\" data-end=\"1949\">\n<p data-start=\"1781\" data-end=\"1809\"><strong data-start=\"1781\" data-end=\"1809\">Use of obsolete elements<\/strong><\/p>\n<ul data-start=\"1813\" data-end=\"1949\">\n<li data-start=\"1813\" data-end=\"1949\">\n<p data-start=\"1815\" data-end=\"1949\">HTML tags <code data-start=\"1824\" data-end=\"1835\">&lt;marquee&gt;<\/code> identified<\/p>\n<\/li>\n<\/ul>\n<\/li>\n<\/ol>\n<hr data-start=\"1951\" data-end=\"1954\" \/>\n<h3 data-start=\"1956\" data-end=\"1980\">Disproportionate burden<\/h3>\n<p data-start=\"1981\" data-end=\"2042\">There is no content excluded for disproportionate burden.<\/p>\n<hr data-start=\"2044\" data-end=\"2047\" \/>\n<h3 data-start=\"2049\" data-end=\"2098\">Contents excluded from the scope of the regulation<\/h3>\n<p data-start=\"2099\" data-end=\"2172\">There is no excluded content within the meaning of Article 5 of the Directive.<\/p>\n<hr data-start=\"2174\" data-end=\"2177\" \/>\n<h3 data-start=\"2179\" data-end=\"2205\">Improvement Plan<\/h3>\n<p data-start=\"2207\" data-end=\"2264\"><strong data-start=\"2207\" data-end=\"2264\">Phase 1 - Priority Interventions (by September 2025)<\/strong><\/p>\n<ul data-start=\"2265\" data-end=\"2344\">\n<li data-start=\"2265\" data-end=\"2304\">\n<p data-start=\"2267\" data-end=\"2304\">Removal of non-compliant AIR attributes<\/p>\n<\/li>\n<li data-start=\"2305\" data-end=\"2344\">\n<p data-start=\"2307\" data-end=\"2344\">Visual adaptation of links in the text<\/p>\n<\/li>\n<\/ul>\n<p data-start=\"2346\" data-end=\"2401\"><strong data-start=\"2346\" data-end=\"2401\">Phase 2 - Intermediate corrections (by October 2025)<\/strong><\/p>\n<ul data-start=\"2402\" data-end=\"2502\">\n<li data-start=\"2402\" data-end=\"2447\">\n<p data-start=\"2404\" data-end=\"2447\">Correction of colour contrast problems<\/p>\n<\/li>\n<li data-start=\"2448\" data-end=\"2502\">\n<p data-start=\"2450\" data-end=\"2502\">Removal of obsolete HTML elements (e.g. marquee)<\/p>\n<\/li>\n<\/ul>\n<p data-start=\"2504\" data-end=\"2558\"><strong data-start=\"2504\" data-end=\"2558\">Phase 3 - Full compliance (by November 2025)<\/strong><\/p>\n<ul data-start=\"2559\" data-end=\"2709\">\n<li data-start=\"2559\" data-end=\"2592\">\n<p data-start=\"2561\" data-end=\"2592\">WCAG 2.1 level AA validation<\/p>\n<\/li>\n<li data-start=\"2593\" data-end=\"2643\">\n<p data-start=\"2595\" data-end=\"2643\">Manual verification and testing with assistive technologies<\/p>\n<\/li>\n<li data-start=\"2644\" data-end=\"2709\">\n<p data-start=\"2646\" data-end=\"2709\">Integration of periodic accessibility monitoring system<\/p>\n<\/li>\n<\/ul>\n<hr data-start=\"2711\" data-end=\"2714\" \/>\n<h3 data-start=\"2716\" data-end=\"2739\">Feedback and contact<\/h3>\n<p data-start=\"2741\" data-end=\"2862\">To report accessibility barriers or request alternative content, please contact us at the following addresses:<\/p>\n<ul data-start=\"2864\" data-end=\"3137\">\n<li data-start=\"2864\" data-end=\"2904\">\n<p data-start=\"2866\" data-end=\"2904\"><strong data-start=\"2866\" data-end=\"2875\">Email<\/strong>: info@weggagency.com<\/p>\n<\/li>\n<li data-start=\"2905\" data-end=\"2938\">\n<p data-start=\"2907\" data-end=\"2938\"><strong data-start=\"2907\" data-end=\"2919\">Phone<\/strong>: +39 <a title=\"05119901421\" href=\"tel:+3905119901421\" aria-label=\"051 19901421\"><span class=\"elementor-icon-list-text\">051 19901421<\/span><\/a><\/p>\n<\/li>\n<li data-start=\"2939\" data-end=\"3000\">\n<p data-start=\"2941\" data-end=\"3000\"><strong data-start=\"2941\" data-end=\"2962\">Postal address<\/strong>:<a title=\"Wegg Agency Bologna\" href=\"https:\/\/maps.app.goo.gl\/CnGz33Rbs4WHFhY39\" target=\"_blank\" rel=\"nofollow noopener\" aria-label=\"Wegg Agency Bologna\"><span class=\"elementor-icon-list-text\"> Via A. Fioravanti 27 - 40129 (BO) - Italy<\/span><\/a><\/p>\n<\/li>\n<li data-start=\"3001\" data-end=\"3086\">\n<p data-start=\"3003\" data-end=\"3086\"><strong data-start=\"3003\" data-end=\"3022\">Contact form<\/strong>: <a class=\"\" href=\"https:\/\/wegg.agency\/en\/contacts\/\" target=\"_new\" rel=\"noopener\" data-start=\"3024\" data-end=\"3084\">https:\/\/wegg.agency\/contatti<\/a><\/p>\n<\/li>\n<li data-start=\"3087\" data-end=\"3137\">\n<p data-start=\"3089\" data-end=\"3137\"><strong data-start=\"3089\" data-end=\"3110\">Response time<\/strong>within 7 working days<\/p>\n<\/li>\n<\/ul>\n<hr data-start=\"3139\" data-end=\"3142\" \/>\n<h3 data-start=\"3144\" data-end=\"3171\">Accessible alternatives<\/h3>\n<p data-start=\"3173\" data-end=\"3220\">In the case of non-accessible content, we offer:<\/p>\n<ul data-start=\"3221\" data-end=\"3348\">\n<li data-start=\"3221\" data-end=\"3262\">\n<p data-start=\"3223\" data-end=\"3262\">Alternative versions in accessible PDF<\/p>\n<\/li>\n<li data-start=\"3263\" data-end=\"3312\">\n<p data-start=\"3265\" data-end=\"3312\">Direct assistance via telephone or video call<\/p>\n<\/li>\n<li data-start=\"3313\" data-end=\"3348\">\n<p data-start=\"3315\" data-end=\"3348\">Personalised support via email<\/p>\n<\/li>\n<\/ul>\n<hr data-start=\"3350\" data-end=\"3353\" \/>\n<h3 data-start=\"3355\" data-end=\"3379\">Appeal Procedure<\/h3>\n<p data-start=\"3381\" data-end=\"3449\">If you are not satisfied with our response, please contact<\/p>\n<ul data-start=\"3451\" data-end=\"3657\">\n<li data-start=\"3451\" data-end=\"3516\">\n<p data-start=\"3453\" data-end=\"3516\"><strong data-start=\"3453\" data-end=\"3476\">Competent authority<\/strong>: Digital Italy Agency (AgID)<\/p>\n<\/li>\n<li data-start=\"3517\" data-end=\"3585\">\n<p data-start=\"3519\" data-end=\"3585\"><strong data-start=\"3519\" data-end=\"3531\">Website:<\/strong>: <a class=\"\" href=\"https:\/\/www.agid.gov.it\" target=\"_new\" rel=\"noopener\" data-start=\"3533\" data-end=\"3583\">https:\/\/www.agid.gov.it<\/a><\/p>\n<\/li>\n<li data-start=\"3586\" data-end=\"3626\">\n<p data-start=\"3588\" data-end=\"3626\"><strong data-start=\"3588\" data-end=\"3597\">Email<\/strong>: <a class=\"cursor-pointer\" rel=\"noopener\" data-start=\"3599\" data-end=\"3624\">accessibilita@agid.gov.it<\/a><\/p>\n<\/li>\n<li data-start=\"3627\" data-end=\"3657\">\n<p data-start=\"3629\" data-end=\"3657\"><strong data-start=\"3629\" data-end=\"3641\">Phone<\/strong>: +39 06 85264 1<\/p>\n<\/li>\n<\/ul>\n<hr data-start=\"3659\" data-end=\"3662\" \/>\n<h3 data-start=\"3664\" data-end=\"3689\">Technical Information<\/h3>\n<ul data-start=\"3691\" data-end=\"3927\">\n<li data-start=\"3691\" data-end=\"3743\">\n<p data-start=\"3693\" data-end=\"3743\"><strong data-start=\"3693\" data-end=\"3720\">Reference Standard<\/strong>WCAG 2.1 level AA<\/p>\n<\/li>\n<li data-start=\"3744\" data-end=\"3825\">\n<p data-start=\"3746\" data-end=\"3825\"><strong data-start=\"3746\" data-end=\"3771\">Evaluation methods<\/strong>: Automatic audit with selective manual validation<\/p>\n<\/li>\n<li data-start=\"3826\" data-end=\"3882\">\n<p data-start=\"3828\" data-end=\"3882\"><strong data-start=\"3828\" data-end=\"3852\">Tools used<\/strong>: WeggAgency A11Y Audit Tool<\/p>\n<\/li>\n<li data-start=\"3883\" data-end=\"3927\">\n<p data-start=\"3885\" data-end=\"3927\"><strong data-start=\"3885\" data-end=\"3912\">Last evaluation date<\/strong>4 July 2025<\/p>\n<\/li>\n<\/ul>\n<hr data-start=\"3929\" data-end=\"3932\" \/>\n<p data-start=\"3934\" data-end=\"4035\"><strong data-start=\"3934\" data-end=\"3976\">Declaration made on 4 July 2025<\/strong>on the basis of an evaluation carried out on the same date.<\/p>","protected":false},"excerpt":{"rendered":"<p>Dichiarazione di Accessibilit\u00e0 Informazioni generali Nome dell&#8217;organizzazione: Wegg Agency S.r.l. Sito web: https:\/\/wegg.agency Data di pubblicazione della dichiarazione: 4 luglio 2025 Data ultimo aggiornamento: 4 luglio 2025 Persona di contatto: Ufficio Comunicazione \u2013 info@weggagency.com Conformit\u00e0 con l&#8217;European Accessibility Act La presente dichiarazione \u00e8 redatta in conformit\u00e0 all\u2019European Accessibility Act (Direttiva UE 2019\/882) e alle normative [&hellip;]<\/p>\n","protected":false},"author":1,"featured_media":0,"parent":0,"menu_order":0,"comment_status":"closed","ping_status":"closed","template":"","meta":{"_acf_changed":false,"footnotes":""},"class_list":["post-2432","page","type-page","status-publish","hentry"],"acf":[],"_links":{"self":[{"href":"https:\/\/wegg.agency\/en\/wp-json\/wp\/v2\/pages\/2432","targetHints":{"allow":["GET"]}}],"collection":[{"href":"https:\/\/wegg.agency\/en\/wp-json\/wp\/v2\/pages"}],"about":[{"href":"https:\/\/wegg.agency\/en\/wp-json\/wp\/v2\/types\/page"}],"author":[{"embeddable":true,"href":"https:\/\/wegg.agency\/en\/wp-json\/wp\/v2\/users\/1"}],"replies":[{"embeddable":true,"href":"https:\/\/wegg.agency\/en\/wp-json\/wp\/v2\/comments?post=2432"}],"version-history":[{"count":0,"href":"https:\/\/wegg.agency\/en\/wp-json\/wp\/v2\/pages\/2432\/revisions"}],"wp:attachment":[{"href":"https:\/\/wegg.agency\/en\/wp-json\/wp\/v2\/media?parent=2432"}],"curies":[{"name":"wp","href":"https:\/\/api.w.org\/{rel}","templated":true}]}}